{"id":9736,"date":"2024-05-13T11:51:59","date_gmt":"2024-05-13T11:51:59","guid":{"rendered":"https:\/\/lhmgruppen.no\/lhm-kvalitet-copy\/"},"modified":"2024-07-30T09:56:21","modified_gmt":"2024-07-30T09:56:21","slug":"for-foreign-buyers","status":"publish","type":"page","link":"https:\/\/lhmgruppen.no\/en\/for-foreign-buyers\/","title":{"rendered":"For foreign buyers"},"content":{"rendered":"","protected":false},"excerpt":{"rendered":"","protected":false},"author":1,"featured_media":0,"parent":0,"menu_order":9,"comment_status":"closed","ping_status":"closed","template":"","meta":{"_acf_changed":false,"_seopress_robots_primary_cat":"","_seopress_titles_title":"","_seopress_titles_desc":"LHM st\u00e5r for overlegen kvalitet og superb finish helt ned til minste detalj. Kvaliteten p\u00e5 v\u00e5re leveranser vil alltid prioriteres foran kostnadsbesparelser.","_seopress_robots_index":"","_relevanssi_hide_post":"","_relevanssi_hide_content":"","_relevanssi_pin_for_all":"","_relevanssi_pin_keywords":"","_relevanssi_unpin_keywords":"","_relevanssi_related_keywords":"","_relevanssi_related_include_ids":"","_relevanssi_related_exclude_ids":"","_relevanssi_related_no_append":"","_relevanssi_related_not_related":"","_relevanssi_related_posts":"","_relevanssi_noindex_reason":"","inline_featured_image":false,"footnotes":""},"lhm_page_template_assigned":[],"class_list":["post-9736","page","type-page","status-publish","format-standard","hentry"],"acf":[],"_links":{"self":[{"href":"https:\/\/lhmgruppen.no\/en\/wp-json\/wp\/v2\/pages\/9736"}],"collection":[{"href":"https:\/\/lhmgruppen.no\/en\/wp-json\/wp\/v2\/pages"}],"about":[{"href":"https:\/\/lhmgruppen.no\/en\/wp-json\/wp\/v2\/types\/page"}],"author":[{"embeddable":true,"href":"https:\/\/lhmgruppen.no\/en\/wp-json\/wp\/v2\/users\/1"}],"replies":[{"embeddable":true,"href":"https:\/\/lhmgruppen.no\/en\/wp-json\/wp\/v2\/comments?post=9736"}],"version-history":[{"count":27,"href":"https:\/\/lhmgruppen.no\/en\/wp-json\/wp\/v2\/pages\/9736\/revisions"}],"predecessor-version":[{"id":10652,"href":"https:\/\/lhmgruppen.no\/en\/wp-json\/wp\/v2\/pages\/9736\/revisions\/10652"}],"wp:attachment":[{"href":"https:\/\/lhmgruppen.no\/en\/wp-json\/wp\/v2\/media?parent=9736"}],"wp:term":[{"taxonomy":"lhm_page_template_assigned","embeddable":true,"href":"https:\/\/lhmgruppen.no\/en\/wp-json\/wp\/v2\/lhm_page_template_assigned?post=9736"}],"curies":[{"name":"wp","href":"https:\/\/api.w.org\/{rel}","templated":true}]}}