{"id":87,"date":"2022-09-10T14:20:15","date_gmt":"2022-09-10T14:20:15","guid":{"rendered":"https:\/\/lhm.bsbd4.dev\/?page_id=87"},"modified":"2023-04-28T11:26:07","modified_gmt":"2023-04-28T11:26:07","slug":"log-cabin-2","status":"publish","type":"page","link":"https:\/\/lhmgruppen.no\/en\/laftehytte\/","title":{"rendered":"Log cabin"},"content":{"rendered":"<p>&nbsp;<\/p>\n<p><iframe style=\"display: none;\"><\/iframe><\/p>","protected":false},"excerpt":{"rendered":"<p><span class=\"excerpt_part\">&nbsp;&#8230;<\/span><\/p>","protected":false},"author":1,"featured_media":0,"parent":0,"menu_order":10,"comment_status":"closed","ping_status":"closed","template":"","meta":{"_acf_changed":false,"_seopress_robots_primary_cat":"","_seopress_titles_title":"","_seopress_titles_desc":"T\u00f8mmerlaft er autentisk, tradisjonell laftestil, og alle v\u00e5re hytter f\u00f8lger strenge kvalitetskrav.","_seopress_robots_index":"","_relevanssi_hide_post":"","_relevanssi_hide_content":"","_relevanssi_pin_for_all":"","_relevanssi_pin_keywords":"","_relevanssi_unpin_keywords":"","_relevanssi_related_keywords":"","_relevanssi_related_include_ids":"","_relevanssi_related_exclude_ids":"","_relevanssi_related_no_append":"","_relevanssi_related_not_related":"","_relevanssi_related_posts":"","_relevanssi_noindex_reason":"","inline_featured_image":false,"footnotes":""},"lhm_page_template_assigned":[],"class_list":["post-87","page","type-page","status-publish","format-standard","hentry"],"acf":[],"_links":{"self":[{"href":"https:\/\/lhmgruppen.no\/en\/wp-json\/wp\/v2\/pages\/87"}],"collection":[{"href":"https:\/\/lhmgruppen.no\/en\/wp-json\/wp\/v2\/pages"}],"about":[{"href":"https:\/\/lhmgruppen.no\/en\/wp-json\/wp\/v2\/types\/page"}],"author":[{"embeddable":true,"href":"https:\/\/lhmgruppen.no\/en\/wp-json\/wp\/v2\/users\/1"}],"replies":[{"embeddable":true,"href":"https:\/\/lhmgruppen.no\/en\/wp-json\/wp\/v2\/comments?post=87"}],"version-history":[{"count":20,"href":"https:\/\/lhmgruppen.no\/en\/wp-json\/wp\/v2\/pages\/87\/revisions"}],"predecessor-version":[{"id":3010,"href":"https:\/\/lhmgruppen.no\/en\/wp-json\/wp\/v2\/pages\/87\/revisions\/3010"}],"wp:attachment":[{"href":"https:\/\/lhmgruppen.no\/en\/wp-json\/wp\/v2\/media?parent=87"}],"wp:term":[{"taxonomy":"lhm_page_template_assigned","embeddable":true,"href":"https:\/\/lhmgruppen.no\/en\/wp-json\/wp\/v2\/lhm_page_template_assigned?post=87"}],"curies":[{"name":"wp","href":"https:\/\/api.w.org\/{rel}","templated":true}]}}