{"id":75,"date":"2022-09-07T10:15:57","date_gmt":"2022-09-07T10:15:57","guid":{"rendered":"https:\/\/lhm.bsbd4.dev\/?page_id=75"},"modified":"2023-04-17T12:15:54","modified_gmt":"2023-04-17T12:15:54","slug":"cabins","status":"publish","type":"page","link":"https:\/\/lhmgruppen.no\/en\/hytter\/","title":{"rendered":"Cabins"},"content":{"rendered":"<p>&nbsp;<\/p>\n<p><iframe style=\"display: none;\"><\/iframe><\/p>","protected":false},"excerpt":{"rendered":"<p><span class=\"excerpt_part\">&nbsp;&#8230;<\/span><\/p>","protected":false},"author":1,"featured_media":0,"parent":0,"menu_order":12,"comment_status":"closed","ping_status":"closed","template":"","meta":{"_acf_changed":false,"_seopress_robots_primary_cat":"","_seopress_titles_title":"","_seopress_titles_desc":"V\u00e5re ferdige hyttemodeller kan du f\u00e5 oppf\u00f8rt n\u00f8kkelferdig p\u00e5 egen tomt. Vi kan ogs\u00e5 tegne en helt ny hyttemodell, som er tilpasset dine spesifikke behov.","_seopress_robots_index":"","_relevanssi_hide_post":"","_relevanssi_hide_content":"","_relevanssi_pin_for_all":"","_relevanssi_pin_keywords":"","_relevanssi_unpin_keywords":"","_relevanssi_related_keywords":"","_relevanssi_related_include_ids":"","_relevanssi_related_exclude_ids":"","_relevanssi_related_no_append":"","_relevanssi_related_not_related":"","_relevanssi_related_posts":"","_relevanssi_noindex_reason":"","inline_featured_image":false,"footnotes":""},"lhm_page_template_assigned":[],"class_list":["post-75","page","type-page","status-publish","format-standard","hentry"],"acf":[],"_links":{"self":[{"href":"https:\/\/lhmgruppen.no\/en\/wp-json\/wp\/v2\/pages\/75"}],"collection":[{"href":"https:\/\/lhmgruppen.no\/en\/wp-json\/wp\/v2\/pages"}],"about":[{"href":"https:\/\/lhmgruppen.no\/en\/wp-json\/wp\/v2\/types\/page"}],"author":[{"embeddable":true,"href":"https:\/\/lhmgruppen.no\/en\/wp-json\/wp\/v2\/users\/1"}],"replies":[{"embeddable":true,"href":"https:\/\/lhmgruppen.no\/en\/wp-json\/wp\/v2\/comments?post=75"}],"version-history":[{"count":17,"href":"https:\/\/lhmgruppen.no\/en\/wp-json\/wp\/v2\/pages\/75\/revisions"}],"predecessor-version":[{"id":2967,"href":"https:\/\/lhmgruppen.no\/en\/wp-json\/wp\/v2\/pages\/75\/revisions\/2967"}],"wp:attachment":[{"href":"https:\/\/lhmgruppen.no\/en\/wp-json\/wp\/v2\/media?parent=75"}],"wp:term":[{"taxonomy":"lhm_page_template_assigned","embeddable":true,"href":"https:\/\/lhmgruppen.no\/en\/wp-json\/wp\/v2\/lhm_page_template_assigned?post=75"}],"curies":[{"name":"wp","href":"https:\/\/api.w.org\/{rel}","templated":true}]}}