{"id":40,"date":"2022-08-29T21:48:01","date_gmt":"2022-08-29T21:48:01","guid":{"rendered":"https:\/\/lhm.bsbd4.dev\/?page_id=40"},"modified":"2025-12-22T05:56:00","modified_gmt":"2025-12-22T05:56:00","slug":"home","status":"publish","type":"page","link":"https:\/\/lhmgruppen.no\/en\/","title":{"rendered":"HOME"},"content":{"rendered":"","protected":false},"excerpt":{"rendered":"<p><span class=\"excerpt_part\"><\/span><\/p>","protected":false},"author":1,"featured_media":0,"parent":0,"menu_order":14,"comment_status":"closed","ping_status":"closed","template":"","meta":{"_acf_changed":false,"_seopress_robots_primary_cat":"","_seopress_titles_title":"","_seopress_titles_desc":"LHM leverer en eksklusiv kombinasjon av tradisjonelle og moderne n\u00f8kkelferdige hytter som er smakfullt utformet med \u00e5pne og tidsriktige planl\u00f8sninger.","_seopress_robots_index":"","_relevanssi_hide_post":"","_relevanssi_hide_content":"","_relevanssi_pin_for_all":"","_relevanssi_pin_keywords":"","_relevanssi_unpin_keywords":"","_relevanssi_related_keywords":"","_relevanssi_related_include_ids":"","_relevanssi_related_exclude_ids":"","_relevanssi_related_no_append":"","_relevanssi_related_not_related":"","_relevanssi_related_posts":"","_relevanssi_noindex_reason":"","inline_featured_image":false,"footnotes":""},"lhm_page_template_assigned":[],"class_list":["post-40","page","type-page","status-publish","format-standard","hentry"],"acf":[],"_links":{"self":[{"href":"https:\/\/lhmgruppen.no\/en\/wp-json\/wp\/v2\/pages\/40"}],"collection":[{"href":"https:\/\/lhmgruppen.no\/en\/wp-json\/wp\/v2\/pages"}],"about":[{"href":"https:\/\/lhmgruppen.no\/en\/wp-json\/wp\/v2\/types\/page"}],"author":[{"embeddable":true,"href":"https:\/\/lhmgruppen.no\/en\/wp-json\/wp\/v2\/users\/1"}],"replies":[{"embeddable":true,"href":"https:\/\/lhmgruppen.no\/en\/wp-json\/wp\/v2\/comments?post=40"}],"version-history":[{"count":108,"href":"https:\/\/lhmgruppen.no\/en\/wp-json\/wp\/v2\/pages\/40\/revisions"}],"predecessor-version":[{"id":23656,"href":"https:\/\/lhmgruppen.no\/en\/wp-json\/wp\/v2\/pages\/40\/revisions\/23656"}],"wp:attachment":[{"href":"https:\/\/lhmgruppen.no\/en\/wp-json\/wp\/v2\/media?parent=40"}],"wp:term":[{"taxonomy":"lhm_page_template_assigned","embeddable":true,"href":"https:\/\/lhmgruppen.no\/en\/wp-json\/wp\/v2\/lhm_page_template_assigned?post=40"}],"curies":[{"name":"wp","href":"https:\/\/api.w.org\/{rel}","templated":true}]}}