{"id":295,"date":"2022-09-26T05:03:03","date_gmt":"2022-09-26T05:03:03","guid":{"rendered":"https:\/\/lhm.bsbd4.dev\/laftestil-copy\/"},"modified":"2022-11-10T14:21:23","modified_gmt":"2022-11-10T14:21:23","slug":"lhm-quality","status":"publish","type":"page","link":"https:\/\/lhmgruppen.no\/en\/lhm-kvalitet\/","title":{"rendered":"LHM kvalitet"},"content":{"rendered":"","protected":false},"excerpt":{"rendered":"<p><span class=\"excerpt_part\"><\/span><\/p>","protected":false},"author":1,"featured_media":0,"parent":0,"menu_order":9,"comment_status":"closed","ping_status":"closed","template":"","meta":{"_acf_changed":false,"_seopress_robots_primary_cat":"","_seopress_titles_title":"","_seopress_titles_desc":"LHM st\u00e5r for overlegen kvalitet og superb finish helt ned til minste detalj. Kvaliteten p\u00e5 v\u00e5re leveranser vil alltid prioriteres foran kostnadsbesparelser.","_seopress_robots_index":"","_relevanssi_hide_post":"","_relevanssi_hide_content":"","_relevanssi_pin_for_all":"","_relevanssi_pin_keywords":"","_relevanssi_unpin_keywords":"","_relevanssi_related_keywords":"","_relevanssi_related_include_ids":"","_relevanssi_related_exclude_ids":"","_relevanssi_related_no_append":"","_relevanssi_related_not_related":"","_relevanssi_related_posts":"","_relevanssi_noindex_reason":"","inline_featured_image":false,"footnotes":""},"lhm_page_template_assigned":[],"class_list":["post-295","page","type-page","status-publish","format-standard","hentry"],"acf":[],"_links":{"self":[{"href":"https:\/\/lhmgruppen.no\/en\/wp-json\/wp\/v2\/pages\/295"}],"collection":[{"href":"https:\/\/lhmgruppen.no\/en\/wp-json\/wp\/v2\/pages"}],"about":[{"href":"https:\/\/lhmgruppen.no\/en\/wp-json\/wp\/v2\/types\/page"}],"author":[{"embeddable":true,"href":"https:\/\/lhmgruppen.no\/en\/wp-json\/wp\/v2\/users\/1"}],"replies":[{"embeddable":true,"href":"https:\/\/lhmgruppen.no\/en\/wp-json\/wp\/v2\/comments?post=295"}],"version-history":[{"count":14,"href":"https:\/\/lhmgruppen.no\/en\/wp-json\/wp\/v2\/pages\/295\/revisions"}],"predecessor-version":[{"id":1064,"href":"https:\/\/lhmgruppen.no\/en\/wp-json\/wp\/v2\/pages\/295\/revisions\/1064"}],"wp:attachment":[{"href":"https:\/\/lhmgruppen.no\/en\/wp-json\/wp\/v2\/media?parent=295"}],"wp:term":[{"taxonomy":"lhm_page_template_assigned","embeddable":true,"href":"https:\/\/lhmgruppen.no\/en\/wp-json\/wp\/v2\/lhm_page_template_assigned?post=295"}],"curies":[{"name":"wp","href":"https:\/\/api.w.org\/{rel}","templated":true}]}}