{"id":28,"date":"2022-08-29T11:35:49","date_gmt":"2022-08-29T11:35:49","guid":{"rendered":"https:\/\/lhm.bsbd4.dev\/?page_id=28"},"modified":"2022-11-18T13:02:13","modified_gmt":"2022-11-18T13:02:13","slug":"xtrapp","status":"publish","type":"page","link":"https:\/\/lhmgruppen.no\/en\/xtrapp\/","title":{"rendered":"Xtrapp"},"content":{"rendered":"","protected":false},"excerpt":{"rendered":"<p><span class=\"excerpt_part\"><\/span><\/p>","protected":false},"author":1,"featured_media":0,"parent":0,"menu_order":16,"comment_status":"closed","ping_status":"closed","template":"","meta":{"_acf_changed":false,"_seopress_robots_primary_cat":"","_seopress_titles_title":"","_seopress_titles_desc":"XTRAPP er resultatet av et langvarig, tverrfaglig samarbeid med fokus p\u00e5 kvalitet i alle ledd. Vi er lidenskapelig opptatt av \u00e5 levere trapper av h\u00f8yeste kvalitet til det norske markedet.","_seopress_robots_index":"","_relevanssi_hide_post":"","_relevanssi_hide_content":"","_relevanssi_pin_for_all":"","_relevanssi_pin_keywords":"","_relevanssi_unpin_keywords":"","_relevanssi_related_keywords":"","_relevanssi_related_include_ids":"","_relevanssi_related_exclude_ids":"","_relevanssi_related_no_append":"","_relevanssi_related_not_related":"","_relevanssi_related_posts":"","_relevanssi_noindex_reason":"","inline_featured_image":false,"footnotes":""},"lhm_page_template_assigned":[10],"class_list":["post-28","page","type-page","status-publish","format-standard","hentry"],"acf":[],"_links":{"self":[{"href":"https:\/\/lhmgruppen.no\/en\/wp-json\/wp\/v2\/pages\/28"}],"collection":[{"href":"https:\/\/lhmgruppen.no\/en\/wp-json\/wp\/v2\/pages"}],"about":[{"href":"https:\/\/lhmgruppen.no\/en\/wp-json\/wp\/v2\/types\/page"}],"author":[{"embeddable":true,"href":"https:\/\/lhmgruppen.no\/en\/wp-json\/wp\/v2\/users\/1"}],"replies":[{"embeddable":true,"href":"https:\/\/lhmgruppen.no\/en\/wp-json\/wp\/v2\/comments?post=28"}],"version-history":[{"count":6,"href":"https:\/\/lhmgruppen.no\/en\/wp-json\/wp\/v2\/pages\/28\/revisions"}],"predecessor-version":[{"id":1294,"href":"https:\/\/lhmgruppen.no\/en\/wp-json\/wp\/v2\/pages\/28\/revisions\/1294"}],"wp:attachment":[{"href":"https:\/\/lhmgruppen.no\/en\/wp-json\/wp\/v2\/media?parent=28"}],"wp:term":[{"taxonomy":"lhm_page_template_assigned","embeddable":true,"href":"https:\/\/lhmgruppen.no\/en\/wp-json\/wp\/v2\/lhm_page_template_assigned?post=28"}],"curies":[{"name":"wp","href":"https:\/\/api.w.org\/{rel}","templated":true}]}}