{"id":21503,"date":"2025-10-24T07:19:18","date_gmt":"2025-10-24T07:19:18","guid":{"rendered":"https:\/\/lhmgruppen.no\/?page_id=21503"},"modified":"2025-10-31T13:16:04","modified_gmt":"2025-10-31T13:16:04","slug":"for-realtors","status":"publish","type":"page","link":"https:\/\/lhmgruppen.no\/en\/for-realtors\/","title":{"rendered":"For Realtors"},"content":{"rendered":"","protected":false},"excerpt":{"rendered":"","protected":false},"author":1,"featured_media":0,"parent":0,"menu_order":15,"comment_status":"closed","ping_status":"closed","template":"","meta":{"_acf_changed":false,"_seopress_robots_primary_cat":"","_seopress_titles_title":"","_seopress_titles_desc":"LHM Interi\u00f8r er valget for deg som \u00f8nsker skreddersydde kvalitetsm\u00f8bler til samme h\u00f8ye standard som din LHM-hytte, og \u00f8nsker \u00e5 f\u00e5 alt produsert og levert i tide til innflytting.","_seopress_robots_index":"","_relevanssi_hide_post":"","_relevanssi_hide_content":"","_relevanssi_pin_for_all":"","_relevanssi_pin_keywords":"","_relevanssi_unpin_keywords":"","_relevanssi_related_keywords":"","_relevanssi_related_include_ids":"","_relevanssi_related_exclude_ids":"","_relevanssi_related_no_append":"","_relevanssi_related_not_related":"","_relevanssi_related_posts":"","_relevanssi_noindex_reason":"","inline_featured_image":false,"footnotes":""},"lhm_page_template_assigned":[],"class_list":["post-21503","page","type-page","status-publish","format-standard","hentry"],"acf":[],"_links":{"self":[{"href":"https:\/\/lhmgruppen.no\/en\/wp-json\/wp\/v2\/pages\/21503"}],"collection":[{"href":"https:\/\/lhmgruppen.no\/en\/wp-json\/wp\/v2\/pages"}],"about":[{"href":"https:\/\/lhmgruppen.no\/en\/wp-json\/wp\/v2\/types\/page"}],"author":[{"embeddable":true,"href":"https:\/\/lhmgruppen.no\/en\/wp-json\/wp\/v2\/users\/1"}],"replies":[{"embeddable":true,"href":"https:\/\/lhmgruppen.no\/en\/wp-json\/wp\/v2\/comments?post=21503"}],"version-history":[{"count":8,"href":"https:\/\/lhmgruppen.no\/en\/wp-json\/wp\/v2\/pages\/21503\/revisions"}],"predecessor-version":[{"id":21631,"href":"https:\/\/lhmgruppen.no\/en\/wp-json\/wp\/v2\/pages\/21503\/revisions\/21631"}],"wp:attachment":[{"href":"https:\/\/lhmgruppen.no\/en\/wp-json\/wp\/v2\/media?parent=21503"}],"wp:term":[{"taxonomy":"lhm_page_template_assigned","embeddable":true,"href":"https:\/\/lhmgruppen.no\/en\/wp-json\/wp\/v2\/lhm_page_template_assigned?post=21503"}],"curies":[{"name":"wp","href":"https:\/\/api.w.org\/{rel}","templated":true}]}}